{"id":4,"date":"2015-02-04T17:17:46","date_gmt":"2015-02-04T17:17:46","guid":{"rendered":"http:\/\/www.saaristolaismuseo.fi\/?page_id=4"},"modified":"2020-08-15T22:27:49","modified_gmt":"2020-08-15T19:27:49","slug":"info","status":"publish","type":"page","link":"https:\/\/www.saaristolaismuseo.fi\/?page_id=4","title":{"rendered":"Info"},"content":{"rendered":"<p>Tervetuloa tutustumaan It\u00e4isen Suomenlahden ja Kaunissaaren historiaan sek\u00e4 kyl\u00e4legendoihin!<\/p>\n<p>Kaunissaaren saaristolaismuseo on avoinna kes\u00e4ll\u00e4 2020<\/p>\n<p>15.6-16.8. ma-su klo 10-19<\/p>\n<div>17.8. &#8211; 30.8. ma-su klo 11-18<\/p>\n<div>31.8.-13.9. viikonloppuisin klo 11-18<\/div>\n<p>&nbsp;<br \/>\nP\u00e4\u00e4symaksut:<\/p>\n<p>Aikuiset\u00a06 \u20ac<\/p>\n<p>Lapset\u00a03 \u20ac<\/p>\n<p>Perhelippu\u00a015 \u20ac<\/p>\n<p>&nbsp;<\/p>\n<p>Yhteystiedot<\/p>\n<p>Jukka-Pekka Rekonen p. +358 (0)400 705 808<\/p>\n<p>info@saaristolaismuseo.fi<\/p>\n<p><a href=\"http:\/\/www.saaristolaismuseo.fi\">www.saaristolaismuseo.fi<\/a><\/p>\n<p><a href=\"https:\/\/www.facebook.com\/Saaristolaismuseo-439274926546047\/\" target=\"_blank\">Saaristolaismuseo facebookissa<\/a><\/p>\n<p>Yhteysalusliikenne saareen kulkee Kotkan Kuusisen kalasatamasta. Tarkempaa tietoa liikenn\u00f6innist\u00e4 l\u00f6ytyy mm: <a href=\"https:\/\/www.finferries.fi\/lauttaliikenne\/lauttapaikat-ja-aikataulut\/kotka-pyhtaa.html\" target=\"_blank\">https:\/\/www.finferries.fi\/lauttaliikenne\/lauttapaikat-ja-aikataulut\/kotka-pyhtaa.html<\/a><\/p>\n<p>Palveluita k\u00e4vij\u00f6ille tarjoavat Kauppa ja Kahvila Merituuli, Ravintola Maja sek\u00e4 Kaunissaaren vierasvenesatama. Tarkempaa tietoa palveluista l\u00f6ytyy:<\/p>\n<p><a href=\"http:\/\/www.kaunissaari.fi\" target=\"_blank\">http:\/\/www.kaunissaari.fi<\/a><\/p>\n<p><a href=\"http:\/\/www.kaunissaarenmaja.fi\" target=\"_blank\">http:\/\/www.kaunissaarenmaja.fi<\/a><\/p>\n<p>&nbsp;<\/p>\n<\/div>\n","protected":false},"excerpt":{"rendered":"<p>Tervetuloa tutustumaan It\u00e4isen Suomenlahden ja Kaunissaaren historiaan sek\u00e4 kyl\u00e4legendoihin! Kaunissaaren saaristolaismuseo on avoinna kes\u00e4ll\u00e4 2020 15.6-16.8. ma-su klo 10-19 17.8. &#8211; 30.8. ma-su klo 11-18 31.8.-13.9. viikonloppuisin klo 11-18 &nbsp; P\u00e4\u00e4symaksut: Aikuiset\u00a06 \u20ac Lapset\u00a03 \u20ac Perhelippu\u00a015 \u20ac &nbsp; Yhteystiedot Jukka-Pekka Rekonen p. +358 (0)400 705 808 info@saaristolaismuseo.fi www.saaristolaismuseo.fi Saaristolaismuseo facebookissa Yhteysalusliikenne saareen kulkee Kotkan Kuusisen &#8230; <a title=\"Info\" class=\"read-more\" href=\"https:\/\/www.saaristolaismuseo.fi\/?page_id=4\" aria-label=\"Read more about Info\">Read more<\/a><\/p>\n","protected":false},"author":1,"featured_media":0,"parent":0,"menu_order":0,"comment_status":"closed","ping_status":"closed","template":"","meta":{"footnotes":""},"class_list":["post-4","page","type-page","status-publish"],"_links":{"self":[{"href":"https:\/\/www.saaristolaismuseo.fi\/index.php?rest_route=\/wp\/v2\/pages\/4","targetHints":{"allow":["GET"]}}],"collection":[{"href":"https:\/\/www.saaristolaismuseo.fi\/index.php?rest_route=\/wp\/v2\/pages"}],"about":[{"href":"https:\/\/www.saaristolaismuseo.fi\/index.php?rest_route=\/wp\/v2\/types\/page"}],"author":[{"embeddable":true,"href":"https:\/\/www.saaristolaismuseo.fi\/index.php?rest_route=\/wp\/v2\/users\/1"}],"replies":[{"embeddable":true,"href":"https:\/\/www.saaristolaismuseo.fi\/index.php?rest_route=%2Fwp%2Fv2%2Fcomments&post=4"}],"version-history":[{"count":31,"href":"https:\/\/www.saaristolaismuseo.fi\/index.php?rest_route=\/wp\/v2\/pages\/4\/revisions"}],"predecessor-version":[{"id":238,"href":"https:\/\/www.saaristolaismuseo.fi\/index.php?rest_route=\/wp\/v2\/pages\/4\/revisions\/238"}],"wp:attachment":[{"href":"https:\/\/www.saaristolaismuseo.fi\/index.php?rest_route=%2Fwp%2Fv2%2Fmedia&parent=4"}],"curies":[{"name":"wp","href":"https:\/\/api.w.org\/{rel}","templated":true}]}}