{"id":11,"date":"2015-02-04T17:22:25","date_gmt":"2015-02-04T17:22:25","guid":{"rendered":"http:\/\/www.saaristolaismuseo.fi\/?page_id=11"},"modified":"2025-10-15T23:37:45","modified_gmt":"2025-10-15T20:37:45","slug":"etusivu","status":"publish","type":"page","link":"https:\/\/www.saaristolaismuseo.fi\/","title":{"rendered":"Saaristolaismuseo"},"content":{"rendered":"\n<div>\n<div class=\"gb-element-4070958e\">\n<div class=\"gb-element-a782ebc6\">\n<h2 class=\"wp-block-heading has-text-align-left has-text-color has-link-color has-x-large-font-size wp-elements-ae5dbcbe044be0a1bfcd0eae326376c0\" style=\"color:#942828\"><strong>Saaristolaismuseo<\/strong><\/h2>\n\n\n\n<p>Kaunissaari sijaitsee It\u00e4isen Suomenlahden ulkosaaristossa. Kaunissaari kuuluu Pyht\u00e4\u00e4n kuntaan ja on osa Salpaussel\u00e4n jatketta.<\/p>\n\n\n\n<p>Nykyisell\u00e4\u00e4n Kaunissaaressa on ymp\u00e4rivuotisia asukkaita noin 10. Kes\u00e4aikaan saari her\u00e4\u00e4 eloon asukasluvun moninkertaistuessa kes\u00e4asukkaiden palatessa m\u00f6kkeihin, veneilij\u00f6iden vierasvenesatamaan ja matkailijoiden uimarannoille.<\/p>\n\n\n\n<p>Kaunissaaren n\u00e4ht\u00e4vyyksiin kuuluu persoonallinen saaristolaismuseo. Kaunissaaren saaristolaismuseon museoesineist\u00f6n ker\u00e4\u00e4misen aloitti Lennart Rekonen 1940-luvulla. Esineist\u00f6n ker\u00e4\u00e4minen johti museotoiminnan aloittamiseen Kaunissaaressa Veli-Pekka Rekosen toimesta 1960-luvulla.<\/p>\n\n\n\n<p>Kaunissaaren tiedossa oleva asutushistoria alkaa jo 1200-luvulla. Asutus on ollut suurimmillaan 1850-luvulla, jolloin saaressa oli noin 300 asukasta.<\/p>\n<\/div>\n\n\n\n<div class=\"gb-element-479ca451\"><div id=\"metaslider-id-48\" style=\"max-width: 620px; margin: 0 auto;\" class=\"ml-slider-3-102-0 metaslider metaslider-flex metaslider-48 ml-slider has-dots-nav ms-theme-default\" role=\"region\" aria-label=\"New Slider\" data-height=\"450\" data-width=\"620\">\n    <div id=\"metaslider_container_48\">\n        <div id=\"metaslider_48\">\n            <ul class='slides'>\n                <li style=\"display: block; width: 100%;\" class=\"slide-136 ms-image \" aria-roledescription=\"slide\" data-date=\"2018-08-12 16:47:51\" data-slide-type=\"image\"><img loading=\"lazy\" decoding=\"async\" width=\"3968\" height=\"2232\" src=\"https:\/\/www.saaristolaismuseo.fi\/wp-content\/uploads\/2018\/08\/t_P1060609.jpg\" class=\"slider-48 slide-136 msDefaultImage\" alt=\"\" rel=\"\" title=\"\" srcset=\"https:\/\/www.saaristolaismuseo.fi\/wp-content\/uploads\/2018\/08\/t_P1060609.jpg 3968w, https:\/\/www.saaristolaismuseo.fi\/wp-content\/uploads\/2018\/08\/t_P1060609-300x169.jpg 300w, https:\/\/www.saaristolaismuseo.fi\/wp-content\/uploads\/2018\/08\/t_P1060609-1024x576.jpg 1024w, https:\/\/www.saaristolaismuseo.fi\/wp-content\/uploads\/2018\/08\/t_P1060609-973x547.jpg 973w, https:\/\/www.saaristolaismuseo.fi\/wp-content\/uploads\/2018\/08\/t_P1060609-508x286.jpg 508w\" sizes=\"auto, (max-width: 3968px) 100vw, 3968px\" \/><\/li>\n                <li style=\"display: none; width: 100%;\" class=\"slide-95 ms-image \" aria-roledescription=\"slide\" data-date=\"2015-06-15 10:59:24\" data-slide-type=\"image\"><img loading=\"lazy\" decoding=\"async\" width=\"620\" height=\"457\" src=\"https:\/\/www.saaristolaismuseo.fi\/wp-content\/uploads\/2015\/06\/slide01.jpg\" class=\"slider-48 slide-95 msDefaultImage\" alt=\"\" rel=\"\" title=\"\" srcset=\"https:\/\/www.saaristolaismuseo.fi\/wp-content\/uploads\/2015\/06\/slide01.jpg 620w, https:\/\/www.saaristolaismuseo.fi\/wp-content\/uploads\/2015\/06\/slide01-300x221.jpg 300w, https:\/\/www.saaristolaismuseo.fi\/wp-content\/uploads\/2015\/06\/slide01-508x374.jpg 508w\" sizes=\"auto, (max-width: 620px) 100vw, 620px\" \/><\/li>\n                <li style=\"display: none; width: 100%;\" class=\"slide-138 ms-image \" aria-roledescription=\"slide\" data-date=\"2018-08-12 16:51:10\" data-slide-type=\"image\"><img loading=\"lazy\" decoding=\"async\" width=\"3968\" height=\"2232\" src=\"https:\/\/www.saaristolaismuseo.fi\/wp-content\/uploads\/2018\/08\/t_P1060442.jpg\" class=\"slider-48 slide-138 msDefaultImage\" alt=\"\" rel=\"\" title=\"\" srcset=\"https:\/\/www.saaristolaismuseo.fi\/wp-content\/uploads\/2018\/08\/t_P1060442.jpg 3968w, https:\/\/www.saaristolaismuseo.fi\/wp-content\/uploads\/2018\/08\/t_P1060442-300x169.jpg 300w, https:\/\/www.saaristolaismuseo.fi\/wp-content\/uploads\/2018\/08\/t_P1060442-1024x576.jpg 1024w, https:\/\/www.saaristolaismuseo.fi\/wp-content\/uploads\/2018\/08\/t_P1060442-973x547.jpg 973w, https:\/\/www.saaristolaismuseo.fi\/wp-content\/uploads\/2018\/08\/t_P1060442-508x286.jpg 508w\" sizes=\"auto, (max-width: 3968px) 100vw, 3968px\" \/><\/li>\n                <li style=\"display: none; width: 100%;\" class=\"slide-98 ms-image \" aria-roledescription=\"slide\" data-date=\"2015-06-15 11:24:28\" data-slide-type=\"image\"><img loading=\"lazy\" decoding=\"async\" width=\"620\" height=\"385\" src=\"https:\/\/www.saaristolaismuseo.fi\/wp-content\/uploads\/2015\/06\/slide03.jpg\" class=\"slider-48 slide-98 msDefaultImage\" alt=\"\" rel=\"\" title=\"\" srcset=\"https:\/\/www.saaristolaismuseo.fi\/wp-content\/uploads\/2015\/06\/slide03.jpg 620w, https:\/\/www.saaristolaismuseo.fi\/wp-content\/uploads\/2015\/06\/slide03-300x186.jpg 300w, https:\/\/www.saaristolaismuseo.fi\/wp-content\/uploads\/2015\/06\/slide03-508x315.jpg 508w\" sizes=\"auto, (max-width: 620px) 100vw, 620px\" \/><\/li>\n                <li style=\"display: none; width: 100%;\" class=\"slide-133 ms-image \" aria-roledescription=\"slide\" data-date=\"2018-08-12 16:46:03\" data-slide-type=\"image\"><img loading=\"lazy\" decoding=\"async\" width=\"3968\" height=\"2232\" src=\"https:\/\/www.saaristolaismuseo.fi\/wp-content\/uploads\/2018\/08\/t_P1060641.jpg\" class=\"slider-48 slide-133 msDefaultImage\" alt=\"\" rel=\"\" title=\"\" srcset=\"https:\/\/www.saaristolaismuseo.fi\/wp-content\/uploads\/2018\/08\/t_P1060641.jpg 3968w, https:\/\/www.saaristolaismuseo.fi\/wp-content\/uploads\/2018\/08\/t_P1060641-300x169.jpg 300w, https:\/\/www.saaristolaismuseo.fi\/wp-content\/uploads\/2018\/08\/t_P1060641-1024x576.jpg 1024w, https:\/\/www.saaristolaismuseo.fi\/wp-content\/uploads\/2018\/08\/t_P1060641-973x547.jpg 973w, https:\/\/www.saaristolaismuseo.fi\/wp-content\/uploads\/2018\/08\/t_P1060641-508x286.jpg 508w\" sizes=\"auto, (max-width: 3968px) 100vw, 3968px\" \/><\/li>\n                <li style=\"display: none; width: 100%;\" class=\"slide-99 ms-image \" aria-roledescription=\"slide\" data-date=\"2015-06-15 11:30:32\" data-slide-type=\"image\"><img loading=\"lazy\" decoding=\"async\" width=\"620\" height=\"431\" src=\"https:\/\/www.saaristolaismuseo.fi\/wp-content\/uploads\/2015\/06\/Sslide04.jpg\" class=\"slider-48 slide-99 msDefaultImage\" alt=\"\" rel=\"\" title=\"\" srcset=\"https:\/\/www.saaristolaismuseo.fi\/wp-content\/uploads\/2015\/06\/Sslide04.jpg 620w, https:\/\/www.saaristolaismuseo.fi\/wp-content\/uploads\/2015\/06\/Sslide04-300x209.jpg 300w, https:\/\/www.saaristolaismuseo.fi\/wp-content\/uploads\/2015\/06\/Sslide04-508x353.jpg 508w\" sizes=\"auto, (max-width: 620px) 100vw, 620px\" \/><\/li>\n                <li style=\"display: none; width: 100%;\" class=\"slide-135 ms-image \" aria-roledescription=\"slide\" data-date=\"2018-08-12 16:47:26\" data-slide-type=\"image\"><img loading=\"lazy\" decoding=\"async\" width=\"2736\" height=\"2736\" src=\"https:\/\/www.saaristolaismuseo.fi\/wp-content\/uploads\/2018\/08\/t_P1060633.jpg\" class=\"slider-48 slide-135 msDefaultImage\" alt=\"\" rel=\"\" title=\"\" srcset=\"https:\/\/www.saaristolaismuseo.fi\/wp-content\/uploads\/2018\/08\/t_P1060633.jpg 2736w, https:\/\/www.saaristolaismuseo.fi\/wp-content\/uploads\/2018\/08\/t_P1060633-150x150.jpg 150w, https:\/\/www.saaristolaismuseo.fi\/wp-content\/uploads\/2018\/08\/t_P1060633-300x300.jpg 300w, https:\/\/www.saaristolaismuseo.fi\/wp-content\/uploads\/2018\/08\/t_P1060633-1024x1024.jpg 1024w, https:\/\/www.saaristolaismuseo.fi\/wp-content\/uploads\/2018\/08\/t_P1060633-88x88.jpg 88w, https:\/\/www.saaristolaismuseo.fi\/wp-content\/uploads\/2018\/08\/t_P1060633-973x973.jpg 973w, https:\/\/www.saaristolaismuseo.fi\/wp-content\/uploads\/2018\/08\/t_P1060633-508x508.jpg 508w\" sizes=\"auto, (max-width: 2736px) 100vw, 2736px\" \/><\/li>\n                <li style=\"display: none; width: 100%;\" class=\"slide-100 ms-image \" aria-roledescription=\"slide\" data-date=\"2015-06-15 11:43:45\" data-slide-type=\"image\"><img loading=\"lazy\" decoding=\"async\" width=\"620\" height=\"469\" src=\"https:\/\/www.saaristolaismuseo.fi\/wp-content\/uploads\/2015\/06\/slide05.jpg\" class=\"slider-48 slide-100 msDefaultImage\" alt=\"\" rel=\"\" title=\"\" srcset=\"https:\/\/www.saaristolaismuseo.fi\/wp-content\/uploads\/2015\/06\/slide05.jpg 620w, https:\/\/www.saaristolaismuseo.fi\/wp-content\/uploads\/2015\/06\/slide05-300x227.jpg 300w, https:\/\/www.saaristolaismuseo.fi\/wp-content\/uploads\/2015\/06\/slide05-508x384.jpg 508w\" sizes=\"auto, (max-width: 620px) 100vw, 620px\" \/><\/li>\n            <\/ul>\n        <\/div>\n        \n    <\/div>\n<\/div>\n<\/div>\n<\/div>\n<\/div>\n","protected":false},"excerpt":{"rendered":"<p>Saaristolaismuseo Kaunissaari sijaitsee It\u00e4isen Suomenlahden ulkosaaristossa. Kaunissaari kuuluu Pyht\u00e4\u00e4n kuntaan ja on osa Salpaussel\u00e4n jatketta. Nykyisell\u00e4\u00e4n Kaunissaaressa on ymp\u00e4rivuotisia asukkaita noin 10. Kes\u00e4aikaan saari her\u00e4\u00e4 eloon asukasluvun moninkertaistuessa kes\u00e4asukkaiden palatessa m\u00f6kkeihin, veneilij\u00f6iden vierasvenesatamaan ja matkailijoiden uimarannoille. Kaunissaaren n\u00e4ht\u00e4vyyksiin kuuluu persoonallinen saaristolaismuseo. Kaunissaaren saaristolaismuseon museoesineist\u00f6n ker\u00e4\u00e4misen aloitti Lennart Rekonen 1940-luvulla. Esineist\u00f6n ker\u00e4\u00e4minen johti museotoiminnan aloittamiseen Kaunissaaressa &#8230; <a title=\"Saaristolaismuseo\" class=\"read-more\" href=\"https:\/\/www.saaristolaismuseo.fi\/\" aria-label=\"Read more about Saaristolaismuseo\">Read more<\/a><\/p>\n","protected":false},"author":1,"featured_media":0,"parent":0,"menu_order":0,"comment_status":"closed","ping_status":"closed","template":"","meta":{"footnotes":""},"class_list":["post-11","page","type-page","status-publish"],"_links":{"self":[{"href":"https:\/\/www.saaristolaismuseo.fi\/index.php?rest_route=\/wp\/v2\/pages\/11","targetHints":{"allow":["GET"]}}],"collection":[{"href":"https:\/\/www.saaristolaismuseo.fi\/index.php?rest_route=\/wp\/v2\/pages"}],"about":[{"href":"https:\/\/www.saaristolaismuseo.fi\/index.php?rest_route=\/wp\/v2\/types\/page"}],"author":[{"embeddable":true,"href":"https:\/\/www.saaristolaismuseo.fi\/index.php?rest_route=\/wp\/v2\/users\/1"}],"replies":[{"embeddable":true,"href":"https:\/\/www.saaristolaismuseo.fi\/index.php?rest_route=%2Fwp%2Fv2%2Fcomments&post=11"}],"version-history":[{"count":19,"href":"https:\/\/www.saaristolaismuseo.fi\/index.php?rest_route=\/wp\/v2\/pages\/11\/revisions"}],"predecessor-version":[{"id":276,"href":"https:\/\/www.saaristolaismuseo.fi\/index.php?rest_route=\/wp\/v2\/pages\/11\/revisions\/276"}],"wp:attachment":[{"href":"https:\/\/www.saaristolaismuseo.fi\/index.php?rest_route=%2Fwp%2Fv2%2Fmedia&parent=11"}],"curies":[{"name":"wp","href":"https:\/\/api.w.org\/{rel}","templated":true}]}}